{"id":93,"date":"2015-12-29T20:49:23","date_gmt":"2015-12-29T20:49:23","guid":{"rendered":"http:\/\/helena.sousafreitas.com\/wip\/?page_id=93"},"modified":"2016-01-10T17:03:33","modified_gmt":"2016-01-10T17:03:33","slug":"literatura","status":"publish","type":"page","link":"http:\/\/helena.sousafreitas.com\/wip\/palavra\/literatura\/","title":{"rendered":"Literatura"},"content":{"rendered":"<table>\n<tbody>\n<tr>\n<td style=\"text-align: center;\"><a href=\"http:\/\/helena.sousafreitas.com\/wip\/palavra\/livros\/ensaios\/\">Ensaios<\/a><\/td>\n<td style=\"text-align: center;\"><a href=\"http:\/\/helena.sousafreitas.com\/wip\/palavra\/livros\/colectaneas\/\">Colect\u00e2neas<\/a><\/td>\n<\/tr>\n<\/tbody>\n<\/table>\n<p>Filha de uma professora particular e de um poeta, cresci numa casa de livros. N\u00e3o me recordo do primeiro contacto que tive com eles, mas lembro-me de uns em tecido, que levei para o banho vezes suficientes para deixar desbotados e ileg\u00edveis.<\/p>\n<p>Como a maior parte das meninas da minha gera\u00e7\u00e3o, cresci na companhia da Anita \u2013 no campo, na praia, na cozinha, no ballet, a cavalo, de cama com gripe \u2013 e da desventurada Sofia, <em>alter ego<\/em> da Condessa de S\u00e9gur. Mas estas personagens habitavam as prateleiras do meu quarto, e havia tantas outras com um recheio interessante\u2026<\/p>\n<p>Por esses anos, os meus grandes achados liter\u00e1rios eram, como as colheitas, sazonais: ocorriam geralmente no fim da Primavera, quando tinha lugar uma limpeza rigorosa \u00e0s dezenas de livros da sala-biblioteca da minha m\u00e3e. Por a casa onde cresci ser bastante h\u00famida, os livros n\u00e3o se limitavam a acumular o tradicional p\u00f3 no alto do miolo, ganhando tamb\u00e9m manchas de bolor na face interior da capa e da contracapa.<\/p>\n<p>O p\u00f3 era cuidadosamente escovado com pequenos pinc\u00e9is, mantendo o miolo comprimido, enquanto retirar o bolor obrigava a abrir os livros. E a\u00ed era a minha perdi\u00e7\u00e3o: gastava mais tempo a ler passagens dos volumes \u2013 sobretudo daqueles a que dificilmente tinha acesso noutras ocasi\u00f5es \u2013 do que a remover os vest\u00edgios do mofo.<\/p>\n<p>Foi numa dessas limpezas exaustivas, a\u00ed pela Primavera de 1984, que me encontrei com a <em>Poesia Completa de Bocage<\/em>, tr\u00eas fabulosos volumes ilustrados que ainda est\u00e3o nas estantes maternas. Numa idade em que os desenhos animados <em>Era Uma Vez a Vida<\/em> ou a s\u00e9rie <em>O Corpo Humano<\/em> me iam elucidando a presta\u00e7\u00f5es sobre a sexualidade humana, um mundo novo abriu-se\u2026 n\u00e3o a meus p\u00e9s mas nas minhas m\u00e3os: tinha descoberto a poesia er\u00f3tica bocageana! Como se de uma era se tratasse, findara a idade da inoc\u00eancia.<\/p>\n<p>Claro que, perdido por cem, perdido por mil, da\u00ed em diante fui tendo acesso aos livros mais e menos \u201cpr\u00f3prios para a idade\u201d (essa discut\u00edvel no\u00e7\u00e3o). E claro que, ao dispor de uma parca mesada, a gastava integralmente nos alfarrabistas da cidade, regateando at\u00e9 os vencer pelo cansa\u00e7o para comprar o que ainda faltava l\u00e1 em casa. Devo tamb\u00e9m dizer que muitas das suas sugest\u00f5es foram perspicazes q.b. para ainda hoje lhes estar grata.<\/p>\n<p>Com uma biblioteca pessoal que aumentava a olhos vistos, atravessei a adolesc\u00eancia com um trapo enrolado debaixo da porta do quarto (da parte de dentro) para que ningu\u00e9m percebesse, atrav\u00e9s da luz delatora, que eu lia pela noite fora. Nesses anos, chegava sempre \u00e0s aulas da manh\u00e3 a dormir por dentro.<\/p>\n<p>Comecei, pois, por ser uma leitora interessada, \u00e1vida mesmo, que, paralelamente, ia alinhavando os costumeiros versos, esbo\u00e7ando pequenas hist\u00f3rias e escrevendo p\u00e1ginas de di\u00e1rio como se n\u00e3o houvesse amanh\u00e3.<\/p>\n<p>At\u00e9 que, estando eu no 10.\u00ba, 11.\u00ba ano, a minha ent\u00e3o professora de Portugu\u00eas, Ana Pedro, levou para uma das aulas um exemplar do <em>DN Jovem<\/em>, suplemento liter\u00e1rio juvenil do <em>Di\u00e1rio de Not\u00edcias<\/em> coordenado pelo jornalista Manuel Dias.<\/p>\n<p>N\u00e3o corri a enviar textos, mas o rastilho ficou acesso e, a 22 de Setembro de 1994, vi pela primeira vez um conto meu ali publicado. Nesse instante senti que, dentro de mim, algo se transformara e que jamais voltaria a ser a mesma.<\/p>\n","protected":false},"excerpt":{"rendered":"<p>Ensaios Colect\u00e2neas Filha de uma professora particular e de um poeta, cresci numa casa de livros. N\u00e3o me recordo do primeiro contacto que tive com eles, mas lembro-me de uns em tecido, que levei para o banho vezes suficientes para deixar desbotados e ileg\u00edveis. Como a maior parte das meninas da minha gera\u00e7\u00e3o, cresci na &hellip; <a href=\"http:\/\/helena.sousafreitas.com\/wip\/palavra\/literatura\/\" class=\"more-link\">Continuar a ler <span class=\"screen-reader-text\">Literatura<\/span><\/a><\/p>\n","protected":false},"author":1,"featured_media":332,"parent":55,"menu_order":0,"comment_status":"closed","ping_status":"open","template":"","meta":{"footnotes":""},"class_list":["post-93","page","type-page","status-publish","has-post-thumbnail","hentry"],"aioseo_notices":[],"_links":{"self":[{"href":"http:\/\/helena.sousafreitas.com\/wip\/wp-json\/wp\/v2\/pages\/93","targetHints":{"allow":["GET"]}}],"collection":[{"href":"http:\/\/helena.sousafreitas.com\/wip\/wp-json\/wp\/v2\/pages"}],"about":[{"href":"http:\/\/helena.sousafreitas.com\/wip\/wp-json\/wp\/v2\/types\/page"}],"author":[{"embeddable":true,"href":"http:\/\/helena.sousafreitas.com\/wip\/wp-json\/wp\/v2\/users\/1"}],"replies":[{"embeddable":true,"href":"http:\/\/helena.sousafreitas.com\/wip\/wp-json\/wp\/v2\/comments?post=93"}],"version-history":[{"count":10,"href":"http:\/\/helena.sousafreitas.com\/wip\/wp-json\/wp\/v2\/pages\/93\/revisions"}],"predecessor-version":[{"id":494,"href":"http:\/\/helena.sousafreitas.com\/wip\/wp-json\/wp\/v2\/pages\/93\/revisions\/494"}],"up":[{"embeddable":true,"href":"http:\/\/helena.sousafreitas.com\/wip\/wp-json\/wp\/v2\/pages\/55"}],"wp:featuredmedia":[{"embeddable":true,"href":"http:\/\/helena.sousafreitas.com\/wip\/wp-json\/wp\/v2\/media\/332"}],"wp:attachment":[{"href":"http:\/\/helena.sousafreitas.com\/wip\/wp-json\/wp\/v2\/media?parent=93"}],"curies":[{"name":"wp","href":"https:\/\/api.w.org\/{rel}","templated":true}]}}