{"id":132,"date":"2015-12-29T21:36:58","date_gmt":"2015-12-29T21:36:58","guid":{"rendered":"http:\/\/helena.sousafreitas.com\/wip\/?page_id=132"},"modified":"2020-10-14T22:55:38","modified_gmt":"2020-10-14T21:55:38","slug":"fotografia","status":"publish","type":"page","link":"http:\/\/helena.sousafreitas.com\/wip\/imagem\/fotografia\/","title":{"rendered":"Fotografia"},"content":{"rendered":"<p>Aprendi as bases da fotografia com Adriano Miranda, Carlos Silveira Ramos, Humberto Sousa e Jos\u00e9 Soudo, num curso de fotojornalismo do Cenjor, e com Fernando Pinho, no \u00e2mbito da licenciatura em Comunica\u00e7\u00e3o Social.<\/p>\n<p>No entanto, passaram-se v\u00e1rios anos at\u00e9 que sentisse necessidade de voltar a esta forma de express\u00e3o. Em boa verdade, diria que fui reconquistada pela fotografia a partir de 2011, ano em que iniciei registos de vida selvagem no Alentejo, dando largas \u00e0 paix\u00e3o pela Natureza, que \u00e9 em mim t\u00e3o antiga quanto\u00a0o amor pelos livros.<\/p>\n<p>Sem d\u00favida que, por interesse hist\u00f3rico e acad\u00e9mico, desde finais de 1997 fotografo murais pol\u00edtico-sociais pintados nas paredes de Set\u00fabal, mas refiro-me a algo diferente \u2013 fazer \u201cuma chapa\u201d de uma imagem est\u00e1tica numa fachada igualmente im\u00f3vel n\u00e3o \u00e9 compar\u00e1vel \u00e0 paci\u00eancia, certa destreza e imagina\u00e7\u00e3o que captar um animal selvagem no seu <em>habitat<\/em> exige de n\u00f3s.<\/p>\n<p>Fotografo tamb\u00e9m esp\u00e9cies vegetais e fungos \u2013 com destaque para os cogumelos, cuja graciosidade me encanta \u2013, mas os animais representam um desafio incontestavelmente superior, j\u00e1 que podemos ter a sorte de um animal n\u00e3o ser fugidio, mas j\u00e1 seria demais esperar que interrompesse a sua rotina para posar para a c\u00e2mara.<\/p>\n<p>Estamos, portanto, sujeitos aos seus ritmos, ritmos que nos ignoram e aos quais somos alheios, ritmos dos quais somos observadores n\u00e3o-participantes, quando n\u00e3o invasivos.<\/p>\n<p>Quem j\u00e1 a viveu, sabe que \u00e9 uma aprendizagem que se nos cola \u00e0 pele. Talvez tanto quanto a roupa ensopada por ficarmos quinze minutos \u00e0 chuva para fotografar uma rela que salta incessantemente entre os despojos do Outono.<\/p>\n<h5>Exposi\u00e7\u00f5es<\/h5>\n<p>Organizei a exposi\u00e7\u00e3o individual <em>Fungi<\/em>, composta por mais de 50 fotografias de cogumelos, no \u00e2mbito do 4.\u00ba Encontro do Outono da Herdade do Freixo do Meio, em Montemor-o-Novo, em 2015, e\u00a0participei nas seguintes exposi\u00e7\u00f5es colectivas:<\/p>\n<table>\n<tbody>\n<tr>\n<td style=\"text-align: center;\"><strong>T\u00edtulo<\/strong><\/td>\n<td style=\"text-align: center;\"><strong>Local<\/strong><\/td>\n<td style=\"text-align: center;\"><strong>Ano<\/strong><\/td>\n<\/tr>\n<tr>\n<td style=\"text-align: center;\">Pessoas, Animais e Natureza<\/td>\n<td style=\"text-align: center;\">Clube N\u00e1utico de Alcochete<\/td>\n<td style=\"text-align: center;\">2015<\/td>\n<\/tr>\n<tr>\n<td style=\"text-align: center;\">Mostra de Autores Desconhecidos<\/td>\n<td style=\"text-align: center;\">IGAC<\/td>\n<td style=\"text-align: center;\">2014<\/td>\n<\/tr>\n<tr>\n<td style=\"text-align: center;\">Murais de Set\u00fabal &#8211; Hist\u00f3rias que as Paredes Contam<\/td>\n<td style=\"text-align: center;\">Octubrus Bar, ACSet, Fugas Lusas e Converg\u00eancias<\/td>\n<td style=\"text-align: center;\">2007<\/td>\n<\/tr>\n<tr>\n<td style=\"text-align: center;\">Murais da JCP em Set\u00fabal<\/td>\n<td style=\"text-align: center;\">48 Horas de Utopia<\/td>\n<td style=\"text-align: center;\">2007<\/td>\n<\/tr>\n<tr>\n<td style=\"text-align: center;\">Olhares 99<\/td>\n<td style=\"text-align: center;\">ESE-IPS<\/td>\n<td style=\"text-align: center;\">1999<\/td>\n<\/tr>\n<tr>\n<td style=\"text-align: center;\">Olhares 98<\/td>\n<td style=\"text-align: center;\">ESCE-IPS<\/td>\n<td style=\"text-align: center;\">1998<\/td>\n<\/tr>\n<tr>\n<td style=\"text-align: center;\">O Consumismo de Natal<\/td>\n<td style=\"text-align: center;\">IPJ\u00a0&#8211; Set\u00fabal<\/td>\n<td style=\"text-align: center;\">1998<\/td>\n<\/tr>\n<\/tbody>\n<\/table>\n","protected":false},"excerpt":{"rendered":"<p>Aprendi as bases da fotografia com Adriano Miranda, Carlos Silveira Ramos, Humberto Sousa e Jos\u00e9 Soudo, num curso de fotojornalismo do Cenjor, e com Fernando Pinho, no \u00e2mbito da licenciatura em Comunica\u00e7\u00e3o Social. No entanto, passaram-se v\u00e1rios anos at\u00e9 que sentisse necessidade de voltar a esta forma de express\u00e3o. Em boa verdade, diria que fui &hellip; <a href=\"http:\/\/helena.sousafreitas.com\/wip\/imagem\/fotografia\/\" class=\"more-link\">Continuar a ler <span class=\"screen-reader-text\">Fotografia<\/span><\/a><\/p>\n","protected":false},"author":1,"featured_media":301,"parent":58,"menu_order":0,"comment_status":"closed","ping_status":"closed","template":"","meta":{"footnotes":""},"class_list":["post-132","page","type-page","status-publish","has-post-thumbnail","hentry"],"aioseo_notices":[],"_links":{"self":[{"href":"http:\/\/helena.sousafreitas.com\/wip\/wp-json\/wp\/v2\/pages\/132","targetHints":{"allow":["GET"]}}],"collection":[{"href":"http:\/\/helena.sousafreitas.com\/wip\/wp-json\/wp\/v2\/pages"}],"about":[{"href":"http:\/\/helena.sousafreitas.com\/wip\/wp-json\/wp\/v2\/types\/page"}],"author":[{"embeddable":true,"href":"http:\/\/helena.sousafreitas.com\/wip\/wp-json\/wp\/v2\/users\/1"}],"replies":[{"embeddable":true,"href":"http:\/\/helena.sousafreitas.com\/wip\/wp-json\/wp\/v2\/comments?post=132"}],"version-history":[{"count":10,"href":"http:\/\/helena.sousafreitas.com\/wip\/wp-json\/wp\/v2\/pages\/132\/revisions"}],"predecessor-version":[{"id":536,"href":"http:\/\/helena.sousafreitas.com\/wip\/wp-json\/wp\/v2\/pages\/132\/revisions\/536"}],"up":[{"embeddable":true,"href":"http:\/\/helena.sousafreitas.com\/wip\/wp-json\/wp\/v2\/pages\/58"}],"wp:featuredmedia":[{"embeddable":true,"href":"http:\/\/helena.sousafreitas.com\/wip\/wp-json\/wp\/v2\/media\/301"}],"wp:attachment":[{"href":"http:\/\/helena.sousafreitas.com\/wip\/wp-json\/wp\/v2\/media?parent=132"}],"curies":[{"name":"wp","href":"https:\/\/api.w.org\/{rel}","templated":true}]}}