{"id":130,"date":"2015-12-29T21:36:03","date_gmt":"2015-12-29T21:36:03","guid":{"rendered":"http:\/\/helena.sousafreitas.com\/wip\/?page_id=130"},"modified":"2016-01-10T16:58:56","modified_gmt":"2016-01-10T16:58:56","slug":"cinema","status":"publish","type":"page","link":"http:\/\/helena.sousafreitas.com\/wip\/imagem\/cinema\/","title":{"rendered":"Cinema"},"content":{"rendered":"<p>At\u00e9 ao momento, assinei apenas uma curta-metragem&#8230; e de cada vez que recordo como foi feita n\u00e3o consigo conter o riso.<\/p>\n<p>Tivera, de 26 a 30 de Julho de 2010, uma pequena forma\u00e7\u00e3o em realiza\u00e7\u00e3o e edi\u00e7\u00e3o de v\u00eddeo proporcionada pela ag\u00eancia Lusa, ficando com aquilo que um electricista ou um director de fotografia designaria, com generosidade, por \u201calgumas luzes\u201d.<\/p>\n<p>Exercitara os conhecimentos na cria\u00e7\u00e3o de um ou dois v\u00eddeos em contexto profissional e essa era toda a minha experi\u00eancia quando, em Janeiro de 2011, me caiu nas m\u00e3os o regulamento da quarta edi\u00e7\u00e3o do festival Curtas Sadinas. Aqui, tal como quando aceitei traduzir poesia, n\u00e3o sei que assomo de ousadia me deu para pensar: \u201cE porque n\u00e3o?\u201d<\/p>\n<p>Havia em Set\u00fabal uma hist\u00f3ria por contar, uma hist\u00f3ria que o Lu\u00eds \u2013 autor do argumento e meu constante parceiro de aventuras \u2013 descobrira ao escrever a tese no mestrado de Pol\u00edtica Comparada, mas faltava uma semana para terminar o prazo de entrega das curtas-metragens&#8230;<\/p>\n<p>O escasso tempo que restava criou uma oposi\u00e7\u00e3o de convic\u00e7\u00f5es entre mim e o Lu\u00eds, com ele a considerar a tarefa uma \u201cMiss\u00e3o Imposs\u00edvel\u201d, enquanto eu defendia o lema pol\u00edtico \u201cYes, We Can\u201d. Na Lusa, vira colegas prepararem v\u00eddeos de reportagens em apenas um dia, pelo que, para algo documental como o que t\u00ednhamos em mente, uma semana era tempo de sobra!<\/p>\n<p>O certo \u00e9 que l\u00e1 fomos n\u00f3s \u2013 munidos de uma <em>handycam<\/em> de turista, de um trip\u00e9 que tremia com o vento e da ing\u00e9nua confian\u00e7a que move os principiantes \u2013 perseguir entrevist\u00e1veis e captar planos, enquanto eu rogava a S\u00e3o Pedro que guardasse a chuva por mais uns dias. E, muito gra\u00e7as \u00e0 disponibilidade dos entrevistados, \u00e0 paci\u00eancia com que revisitaram os seus arquivos (f\u00edsicos e mentais) e \u00e0 impressionante f\u00e9 que depositaram no nosso entusiasmo, a coisa come\u00e7ou a ganhar contornos de exequibilidade.<\/p>\n<p>Captadas as imagens e gravada a narra\u00e7\u00e3o (n\u00e3o, n\u00e3o vou contar quantas vezes o fiz at\u00e9 que ficasse aud\u00edvel) montou-se tudo na vers\u00e3o de demonstra\u00e7\u00e3o de um programa de edi\u00e7\u00e3o, com o computador ligado a um LCD de 32 polegadas para conseguirmos ver o que faz\u00edamos.<\/p>\n<p>N\u00e3o sei se \u00e9 poss\u00edvel um mais elevado grau de amadorismo, pelo que acredito que os espectadores que atribu\u00edram a <em>Set\u00fabal, Cidade Verde<\/em> o Pr\u00e9mio do P\u00fablico no IV Curtas Sadinas simplesmente se compadeceram do nosso bem-intencionado esfor\u00e7o.<\/p>\n<figure id=\"attachment_321\" aria-describedby=\"caption-attachment-321\" style=\"width: 300px\" class=\"wp-caption aligncenter\"><a href=\"http:\/\/helena.sousafreitas.com\/wip\/wp-content\/uploads\/2015\/12\/premios-curtas_hi.jpg\" rel=\"attachment wp-att-321\"><img loading=\"lazy\" decoding=\"async\" class=\"wp-image-321 size-medium\" src=\"http:\/\/helena.sousafreitas.com\/wip\/wp-content\/uploads\/2015\/12\/premios-curtas_hi-300x198.jpg\" alt=\"\" width=\"300\" height=\"198\" srcset=\"http:\/\/helena.sousafreitas.com\/wip\/wp-content\/uploads\/2015\/12\/premios-curtas_hi-300x198.jpg 300w, http:\/\/helena.sousafreitas.com\/wip\/wp-content\/uploads\/2015\/12\/premios-curtas_hi.jpg 640w\" sizes=\"auto, (max-width: 300px) 100vw, 300px\" \/><\/a><figcaption id=\"caption-attachment-321\" class=\"wp-caption-text\">No <em>foyer<\/em> do Audit\u00f3rio Municipal Charlot ap\u00f3s a entrega de pr\u00e9mios das Curtas Sadinas<\/figcaption><\/figure>\n<h5>Set\u00fabal, cidade verde<\/h5>\n<p>Realiza\u00e7\u00e3o: Helena de Sousa Freitas<br \/>\nIdeia e argumento: Lu\u00eds Humberto Teixeira<br \/>\nM\u00fasica: Rui Serodio<br \/>\nC\u00e2mara e edi\u00e7\u00e3o: Helena de Sousa Freitas e Lu\u00eds Humberto Teixeira<br \/>\nNarra\u00e7\u00e3o: Helena de Sousa Freitas<br \/>\nEntrevistados: Francisco Abreu, Antunes Dias, Francisco Ferreira, Carlos Frescata, Francisco Lobo, Viriato Soromenho-Marques<br \/>\nDura\u00e7\u00e3o: 14\u00a0min.<\/p>\n<p><strong>Sinopse<\/strong>:<br \/>\nUnidos na protec\u00e7\u00e3o da natureza, dois alunos do Liceu de Set\u00fabal estavam, em 1976, longe de imaginar o papel que teriam na pol\u00edtica ambiental da regi\u00e3o, bem como de supor que uma associa\u00e7\u00e3o por si fundada daria um contributo inestim\u00e1vel para a maior organiza\u00e7\u00e3o ecologista de Portugal.<\/p>\n<p>Exibi\u00e7\u00f5es:<br \/>\n<strong>15 de Maio de 2011\u00a0<strong>\u2013 Audit\u00f3rio Municipal Charlot, Set\u00fabal<\/strong><\/strong><br \/>\nNo \u00e2mbito do IV Curtas Sadinas.<br \/>\nDistin\u00e7\u00e3o: Pr\u00e9mio do P\u00fablico &#8211; Curtas Sadinas 2011<\/p>\n<p><strong>17 de Mar\u00e7o de 2012\u00a0<strong>\u2013 Academia Problem\u00e1tica e Obscura, Set\u00fabal<\/strong><\/strong><br \/>\nNo \u00e2mbito do debate &#8220;Passado, Presente e Futuro do Ecologismo em Portugal&#8221;.<\/p>\n<p><strong>9 de Setembro de 2012<\/strong>\u00a0<strong>\u2013 Mercado do Livramento, Set\u00fabal<\/strong><br \/>\nNo \u00e2mbito da\u00a0iniciativa \u201cCinema no Mercado\u201d dedicada \u00e0 Serra da Arr\u00e1bida e \u00e0\u00a0sua candidatura a Patrim\u00f3nio Mundial da Humanidade, sob a \u00e9gide da UNESCO.<\/p>\n<p><strong>9 de Julho de 2014 \u2013 Atmosfera M, Porto<\/strong><br \/>\nNo \u00e2mbito da iniciativa Cidade +, dedicada \u00e0 cidadania, ambiente e sustentabilidade em contexto urbano.<\/p>\n<p><strong>Agora mesmo \u2013 onde estiver<\/strong><br \/>\nBasta clicar no v\u00eddeo abaixo.<\/p>\n<p><iframe loading=\"lazy\" title=\"Set\u00fabal, cidade verde\" width=\"660\" height=\"371\" src=\"https:\/\/www.youtube.com\/embed\/UBAga5Dto5I?feature=oembed\" frameborder=\"0\" allow=\"accelerometer; autoplay; clipboard-write; encrypted-media; gyroscope; picture-in-picture; web-share\" referrerpolicy=\"strict-origin-when-cross-origin\" allowfullscreen><\/iframe><\/p>\n","protected":false},"excerpt":{"rendered":"<p>At\u00e9 ao momento, assinei apenas uma curta-metragem&#8230; e de cada vez que recordo como foi feita n\u00e3o consigo conter o riso. Tivera, de 26 a 30 de Julho de 2010, uma pequena forma\u00e7\u00e3o em realiza\u00e7\u00e3o e edi\u00e7\u00e3o de v\u00eddeo proporcionada pela ag\u00eancia Lusa, ficando com aquilo que um electricista ou um director de fotografia designaria, &hellip; <a href=\"http:\/\/helena.sousafreitas.com\/wip\/imagem\/cinema\/\" class=\"more-link\">Continuar a ler <span class=\"screen-reader-text\">Cinema<\/span><\/a><\/p>\n","protected":false},"author":1,"featured_media":320,"parent":58,"menu_order":0,"comment_status":"closed","ping_status":"closed","template":"","meta":{"footnotes":""},"class_list":["post-130","page","type-page","status-publish","has-post-thumbnail","hentry"],"aioseo_notices":[],"_links":{"self":[{"href":"http:\/\/helena.sousafreitas.com\/wip\/wp-json\/wp\/v2\/pages\/130","targetHints":{"allow":["GET"]}}],"collection":[{"href":"http:\/\/helena.sousafreitas.com\/wip\/wp-json\/wp\/v2\/pages"}],"about":[{"href":"http:\/\/helena.sousafreitas.com\/wip\/wp-json\/wp\/v2\/types\/page"}],"author":[{"embeddable":true,"href":"http:\/\/helena.sousafreitas.com\/wip\/wp-json\/wp\/v2\/users\/1"}],"replies":[{"embeddable":true,"href":"http:\/\/helena.sousafreitas.com\/wip\/wp-json\/wp\/v2\/comments?post=130"}],"version-history":[{"count":9,"href":"http:\/\/helena.sousafreitas.com\/wip\/wp-json\/wp\/v2\/pages\/130\/revisions"}],"predecessor-version":[{"id":492,"href":"http:\/\/helena.sousafreitas.com\/wip\/wp-json\/wp\/v2\/pages\/130\/revisions\/492"}],"up":[{"embeddable":true,"href":"http:\/\/helena.sousafreitas.com\/wip\/wp-json\/wp\/v2\/pages\/58"}],"wp:featuredmedia":[{"embeddable":true,"href":"http:\/\/helena.sousafreitas.com\/wip\/wp-json\/wp\/v2\/media\/320"}],"wp:attachment":[{"href":"http:\/\/helena.sousafreitas.com\/wip\/wp-json\/wp\/v2\/media?parent=130"}],"curies":[{"name":"wp","href":"https:\/\/api.w.org\/{rel}","templated":true}]}}